{"id":2450,"date":"2023-11-05T13:38:15","date_gmt":"2023-11-05T11:38:15","guid":{"rendered":"https:\/\/himmelblau.fi\/?page_id=2450"},"modified":"2023-11-05T13:38:15","modified_gmt":"2023-11-05T11:38:15","slug":"exhibitions","status":"publish","type":"page","link":"https:\/\/himmelblau.fi\/en\/exhibitions\/","title":{"rendered":"Exhibitions"},"content":{"rendered":"<h2 id=\"tablepress-1-name\" class=\"tablepress-table-name tablepress-table-name-id-1\">Nykyiset ja tulevat n\u00e4yttelyt<\/h2>\n\n<table id=\"tablepress-1\" class=\"tablepress tablepress-id-1\" aria-labelledby=\"tablepress-1-name\">\n<tbody class=\"row-striping row-hover\">\n<tr class=\"row-1\">\n\t<td class=\"column-1\">11.4. \u2013 18.5.2026<\/td><td class=\"column-2\">Arto Nurron n\u00e4yttely<\/td>\n<\/tr>\n<tr class=\"row-2\">\n\t<td class=\"column-1\">11.4. \u2013 18.5..2026<\/td><td class=\"column-2\">N\u00e4etk\u00f6  \u2013 punaista, You see \u2013 Red. Susanne Gottberg, Irmeli Hulkko, P\u00e4ivikki Kallio, Outi Pienim\u00e4ki, Pirkko Rantatorikka<\/td>\n<\/tr>\n<tr class=\"row-3\">\n\t<td class=\"column-1\">12.4. \u2013 17.5.2026<\/td><td class=\"column-2\">Tekstiilitaiteilijat TEXO ry, TEXO70 Juhlan\u00e4yttely, Kerros 3 B. Avajaiset 11.4.<\/td>\n<\/tr>\n<tr class=\"row-4\">\n\t<td class=\"column-1\">7.3. \u2013 29.3.2026<\/td><td class=\"column-2\">APOPHENIA: TAMK Fine Art Degree Show (3B) <br \/>\nAvajaiset 6.3. klo 17<\/td>\n<\/tr>\n<tr class=\"row-5\">\n\t<td class=\"column-1\">28.2. - 29.3.2026 <\/td><td class=\"column-2\">T\u00f6rm\u00e4yksi\u00e4: Teemu M\u00e4enp\u00e4\u00e4, Timo Heino, Timo Aho (2B)<br \/>\nAvajaiset 28.2. klo 16<\/td>\n<\/tr>\n<\/tbody>\n<\/table>\n<!-- #tablepress-1 from cache -->\n","protected":false},"excerpt":{"rendered":"","protected":false},"author":1,"featured_media":0,"parent":0,"menu_order":0,"comment_status":"closed","ping_status":"closed","template":"","meta":{"_acf_changed":false,"_et_pb_use_builder":"","_et_pb_old_content":"","_et_gb_content_width":"","_exactmetrics_skip_tracking":false,"_exactmetrics_sitenote_active":false,"_exactmetrics_sitenote_note":"","_exactmetrics_sitenote_category":0,"footnotes":""},"class_list":["post-2450","page","type-page","status-publish","hentry"],"acf":[],"_links":{"self":[{"href":"https:\/\/himmelblau.fi\/en\/wp-json\/wp\/v2\/pages\/2450","targetHints":{"allow":["GET"]}}],"collection":[{"href":"https:\/\/himmelblau.fi\/en\/wp-json\/wp\/v2\/pages"}],"about":[{"href":"https:\/\/himmelblau.fi\/en\/wp-json\/wp\/v2\/types\/page"}],"author":[{"embeddable":true,"href":"https:\/\/himmelblau.fi\/en\/wp-json\/wp\/v2\/users\/1"}],"replies":[{"embeddable":true,"href":"https:\/\/himmelblau.fi\/en\/wp-json\/wp\/v2\/comments?post=2450"}],"version-history":[{"count":1,"href":"https:\/\/himmelblau.fi\/en\/wp-json\/wp\/v2\/pages\/2450\/revisions"}],"predecessor-version":[{"id":2452,"href":"https:\/\/himmelblau.fi\/en\/wp-json\/wp\/v2\/pages\/2450\/revisions\/2452"}],"wp:attachment":[{"href":"https:\/\/himmelblau.fi\/en\/wp-json\/wp\/v2\/media?parent=2450"}],"curies":[{"name":"wp","href":"https:\/\/api.w.org\/{rel}","templated":true}]}}